{"id":186,"date":"2024-02-15T12:00:24","date_gmt":"2024-02-15T11:00:24","guid":{"rendered":"https:\/\/ucos.fr\/?page_id=186"},"modified":"2024-12-12T07:32:28","modified_gmt":"2024-12-12T06:32:28","slug":"jean-philippe-vincent","status":"publish","type":"page","link":"https:\/\/ucos.fr\/index.php\/equipe\/jean-philippe-vincent\/","title":{"rendered":"Jean Philippe Vincent"},"content":{"rendered":"\n<div class=\"wp-block-group alignfull is-layout-constrained wp-container-core-group-is-layout-423f374f wp-block-group-is-layout-constrained\" style=\"margin-top:0px;margin-bottom:0px;padding-top:var(--wp--preset--spacing--30);padding-right:var(--wp--preset--spacing--40);padding-bottom:var(--wp--preset--spacing--30);padding-left:var(--wp--preset--spacing--40)\">\n<div class=\"wp-block-group alignwide is-layout-flow wp-container-core-group-is-layout-cd434741 wp-block-group-is-layout-flow\">\n<div class=\"wp-block-columns are-vertically-aligned-center has-raft-bg-background-color has-background is-layout-flex wp-container-core-columns-is-layout-e05d3243 wp-block-columns-is-layout-flex\" style=\"padding-top:0px;padding-right:0px;padding-bottom:0px;padding-left:0px\">\n<div class=\"wp-block-column is-vertically-aligned-center is-layout-flow wp-block-column-is-layout-flow\" style=\"flex-basis:40%\">\n<figure class=\"wp-block-image size-full\"><img loading=\"lazy\" decoding=\"async\" width=\"1433\" height=\"2000\" src=\"https:\/\/ucos.fr\/wp-content\/uploads\/2024\/01\/portrait-1.jpg\" alt=\"\" class=\"wp-image-365\" srcset=\"https:\/\/ucos.fr\/wp-content\/uploads\/2024\/01\/portrait-1.jpg 1433w, https:\/\/ucos.fr\/wp-content\/uploads\/2024\/01\/portrait-1-215x300.jpg 215w, https:\/\/ucos.fr\/wp-content\/uploads\/2024\/01\/portrait-1-734x1024.jpg 734w, https:\/\/ucos.fr\/wp-content\/uploads\/2024\/01\/portrait-1-768x1072.jpg 768w, https:\/\/ucos.fr\/wp-content\/uploads\/2024\/01\/portrait-1-1101x1536.jpg 1101w\" sizes=\"auto, (max-width: 1433px) 100vw, 1433px\" \/><\/figure>\n<\/div>\n\n\n\n<div class=\"wp-block-column is-vertically-aligned-center is-layout-flow wp-container-core-column-is-layout-71c1d140 wp-block-column-is-layout-flow\" style=\"padding-top:var(--wp--preset--spacing--50);padding-right:var(--wp--preset--spacing--50);padding-bottom:var(--wp--preset--spacing--50);padding-left:var(--wp--preset--spacing--50)\">\n<h3 class=\"wp-block-heading\">Dr. Jean-Philippe Vincent<\/h3>\n\n\n\n<p style=\"font-style:normal;font-weight:100\">Chirurgien orthop\u00e9diste sp\u00e9cialis\u00e9 dans la chirurgie du membre inf\u00e9rieur, en particulier de la <a href=\"https:\/\/www.genou.bzh\/proth\u00e8se-de-hanche\">hanche<\/a> et du <a href=\"https:\/\/www.genou.bzh\/ligamentoplastie-du-genou\">genou<\/a>.<br><br>Pour ce qui concerne les chirurgies du genou, il propose lors des chirurgies de reconstruction du ligament crois\u00e9 ant\u00e9rieur, une reconstruction mixte, ligament crois\u00e9 ant\u00e9rieur et ligament ant\u00e9ro-lat\u00e9ral.<\/p>\n\n\n\n<div class=\"wp-block-buttons is-layout-flex wp-block-buttons-is-layout-flex\">\n<div class=\"wp-block-button is-style-outline is-style-outline--1\" style=\"font-style:normal;font-weight:100\"><a class=\"wp-block-button__link has-custom-gold-button-color has-text-color has-link-color wp-element-button\" href=\"https:\/\/www.genou.bzh\/jean-philippe-vincent-votre-chirurgien-orthopediste\" target=\"_blank\" rel=\"noreferrer noopener\">En savoir plus<\/a><\/div>\n<\/div>\n<\/div>\n<\/div>\n<\/div>\n\n\n\n<div class=\"wp-block-group alignfull has-raft-fg-alt-color has-raft-bg-background-color has-text-color has-background has-link-color wp-elements-0820c68529b22b38bab50d547c0a69c7 is-layout-constrained wp-container-core-group-is-layout-cd75916e wp-block-group-is-layout-constrained\" style=\"margin-top:0;margin-bottom:0;padding-top:var(--wp--preset--spacing--40);padding-right:var(--wp--preset--spacing--30);padding-bottom:var(--wp--preset--spacing--40);padding-left:var(--wp--preset--spacing--30)\">\n<div class=\"wp-block-columns alignwide is-layout-flex wp-container-core-columns-is-layout-ea69a204 wp-block-columns-is-layout-flex\">\n<div class=\"wp-block-column is-layout-flow wp-container-core-column-is-layout-01cae399 wp-block-column-is-layout-flow\" style=\"border-style:none;border-width:0px;padding-left:var(--wp--preset--spacing--20)\">\n<h4 class=\"wp-block-heading has-text-align-center has-custom-bleu-fonc-color has-text-color has-link-color has-medium-font-size wp-elements-484949653b23b8121a642f88a04d5c94\"><a href=\"https:\/\/ucos.fr\/index.php\/chirurgies\/chirurgies-du-genou\/#ligamentoplastie_du_genou\" data-type=\"link\" data-id=\"https:\/\/ucos.fr\/index.php\/chirurgies\/chirurgies-du-genou\/#ligamentoplastie_du_genou\">Ligamentoplastie<br>du genou<\/a><\/h4>\n\n\n\n<p class=\"has-text-align-left has-raft-bg-inv-color has-text-color has-link-color wp-elements-69bf019ea9e3267e52498597af4bb5fd\" style=\"font-style:normal;font-weight:100\">Reconstruire les ligaments qui assurent la stabilit\u00e9 du genou<\/p>\n<\/div>\n\n\n\n<div class=\"wp-block-column is-layout-flow wp-container-core-column-is-layout-01cae399 wp-block-column-is-layout-flow\" style=\"border-top-style:none;border-top-width:0px;border-right-style:none;border-right-width:0px;border-bottom-style:none;border-bottom-width:0px;border-left-color:var(--wp--preset--color--custom-bleu-fonc);border-left-style:dotted;border-left-width:2px;padding-left:var(--wp--preset--spacing--20)\">\n<h4 class=\"wp-block-heading has-text-align-center has-custom-bleu-fonc-color has-text-color has-link-color has-medium-font-size wp-elements-1dba88120ab674b49b6dfd7cd02b83d2\"><a href=\"https:\/\/ucos.fr\/index.php\/chirurgies\/chirurgies-du-genou\/#reparation_meniscale\" data-type=\"link\" data-id=\"https:\/\/ucos.fr\/index.php\/chirurgies\/chirurgies-du-genou\/#reparation_meniscale\">R\u00e9paration<br>m\u00e9niscale<\/a><\/h4>\n\n\n\n<p class=\"has-text-align-left has-raft-bg-inv-color has-text-color has-link-color wp-elements-e4af64bdf403f1da744f65b3281cbcb3\" style=\"font-style:normal;font-weight:100\">Pr\u00e9server les parties saines du m\u00e9nisque quand cela est possible<\/p>\n<\/div>\n\n\n\n<div class=\"wp-block-column is-layout-flow wp-container-core-column-is-layout-01cae399 wp-block-column-is-layout-flow\" style=\"border-top-style:none;border-top-width:0px;border-right-style:none;border-right-width:0px;border-bottom-style:none;border-bottom-width:0px;border-left-color:var(--wp--preset--color--custom-bleu-fonc);border-left-style:dotted;border-left-width:2px;padding-left:var(--wp--preset--spacing--20)\">\n<h4 class=\"wp-block-heading has-text-align-center has-custom-bleu-fonc-color has-text-color has-link-color has-medium-font-size wp-elements-dbd0bf02d7447e27a0f13f34fbd43ffe\"><a href=\"https:\/\/ucos.fr\/index.php\/chirurgies\/chirurgies-du-genou\/#prothese_de_genou\" data-type=\"link\" data-id=\"https:\/\/ucos.fr\/index.php\/chirurgies\/chirurgies-du-genou\/#prothese_de_genou\">Proth\u00e8se<br>de genou<\/a><\/h4>\n\n\n\n<p class=\"has-text-align-left has-raft-bg-inv-color has-text-color has-link-color wp-elements-37c19592f6277146227e4df5f0bb37f6\" style=\"font-style:normal;font-weight:100\">Diminuer la douleur et augmentent la qualit\u00e9 de vie des patients<\/p>\n<\/div>\n\n\n\n<div class=\"wp-block-column is-layout-flow wp-container-core-column-is-layout-01cae399 wp-block-column-is-layout-flow\" style=\"border-top-style:none;border-top-width:0px;border-right-style:none;border-right-width:0px;border-bottom-style:none;border-bottom-width:0px;border-left-color:var(--wp--preset--color--custom-bleu-fonc);border-left-style:dotted;border-left-width:2px;padding-left:var(--wp--preset--spacing--20)\">\n<h4 class=\"wp-block-heading has-text-align-center has-custom-bleu-fonc-color has-text-color has-link-color has-medium-font-size wp-elements-dff816ba36fe100c8a9c5f17ad4542c9\"><a href=\"https:\/\/ucos.fr\/index.php\/chirurgies\/protheses-de-hanche\/\" data-type=\"link\" data-id=\"https:\/\/ucos.fr\/index.php\/chirurgies\/protheses-de-hanche\/\">Proth\u00e8se<br>de hanche<\/a><\/h4>\n\n\n\n<p class=\"has-text-align-left has-raft-bg-inv-color has-text-color has-link-color wp-elements-f1f2c198b671a263350e9a3c4edd8715\" style=\"font-style:normal;font-weight:100\">Proth\u00e8se totale de la hanche<\/p>\n<\/div>\n<\/div>\n\n\n\n<div class=\"wp-block-group alignfull has-white-background-color has-background is-layout-constrained wp-container-core-group-is-layout-af9d7c36 wp-block-group-is-layout-constrained\" style=\"margin-top:var(--wp--preset--spacing--70);margin-bottom:var(--wp--preset--spacing--70);padding-top:0;padding-right:var(--wp--preset--spacing--30);padding-bottom:0;padding-left:var(--wp--preset--spacing--30)\">\n<div class=\"wp-block-group is-layout-flow wp-block-group-is-layout-flow\">\n<h3 class=\"wp-block-heading has-text-align-center has-large-font-size\">Principales publications<\/h3>\n<\/div>\n\n\n\n<div class=\"wp-block-group alignwide is-layout-flow wp-block-group-is-layout-flow\">\n<div class=\"wp-block-columns is-layout-flex wp-container-core-columns-is-layout-28f84493 wp-block-columns-is-layout-flex\">\n<div class=\"wp-block-column is-vertically-aligned-center is-layout-flow wp-container-core-column-is-layout-119bc444 wp-block-column-is-layout-flow\">\n<h3 class=\"wp-block-heading has-normal-font-size\">Arthroscopy Techniques, 2021<\/h3>\n\n\n\n<p class=\"has-custom-bleu-fonc-color has-text-color has-link-color has-small-font-size wp-elements-a96bebb9a6918f71f320c45519f3fb57\">Combined anterior and anterolateral stabilization of the knee with the hamstring tendons.<br>Robert H, VINCENT JP.<br>&gt;&gt; <a href=\"https:\/\/pubmed.ncbi.nlm.nih.gov\/33680756\/\" data-type=\"link\" data-id=\"https:\/\/pubmed.ncbi.nlm.nih.gov\/33680756\/\">Co<\/a><a href=\"https:\/\/pubmed.ncbi.nlm.nih.gov\/33680756\/\" data-type=\"link\" data-id=\"https:\/\/pubmed.ncbi.nlm.nih.gov\/33680756\/\" target=\"_blank\" rel=\"noreferrer noopener\">nsulter l&rsquo;articl<\/a>e<\/p>\n\n\n\n<h3 class=\"wp-block-heading has-normal-font-size\">Orthop Traumatol Surg Res., 2014<\/h3>\n\n\n\n<p class=\"has-custom-bleu-fonc-color has-text-color has-link-color has-small-font-size wp-elements-c00614d2d1fcf8f8f06fd2596880677d\">Actifit synthetic meniscal substitute: experience with 18 patients in Brest, France<br>Baynat C, Andro C, Vincent JP, Schiele P, Buisson P, Dubrana F, Gunepin FX.<br>&gt;&gt; <a href=\"https:\/\/pubmed.ncbi.nlm.nih.gov\/25454332\/\" data-type=\"link\" data-id=\"https:\/\/pubmed.ncbi.nlm.nih.gov\/25454332\/\" target=\"_blank\" rel=\"noreferrer noopener\">Consulter l&rsquo;article<\/a><\/p>\n\n\n\n<h3 class=\"wp-block-heading has-normal-font-size\">Knee Surg Sports Traumatol Arthrosc., 2012<\/h3>\n\n\n\n<p class=\"has-custom-bleu-fonc-color has-text-color has-link-color has-small-font-size wp-elements-cedf0e5e4a0cead42d412cb1e520bb8f\">The anterolateral ligament of the human knee: an anatomic and histologic study. <br>Vincent JP, Magnussen RA, Gezmez F, Uguen A, Jacobi M, Weppe F, Al-Saati MF, Lustig S, Demey G, Servien E, Neyret P.<br>&gt;&gt; <a href=\"https:\/\/pubmed.ncbi.nlm.nih.gov\/21717216\/\" data-type=\"link\" data-id=\"https:\/\/pubmed.ncbi.nlm.nih.gov\/21717216\/\" target=\"_blank\" rel=\"noreferrer noopener\">Consulter l&rsquo;article<\/a><\/p>\n<\/div>\n\n\n\n<div class=\"wp-block-column is-layout-flow wp-block-column-is-layout-flow\">\n<figure class=\"wp-block-image size-full is-resized\"><img loading=\"lazy\" decoding=\"async\" width=\"1333\" height=\"1333\" src=\"https:\/\/ucos.fr\/wp-content\/uploads\/2024\/04\/web-19-edited.jpg\" alt=\"\" class=\"wp-image-347\" style=\"width:504px;height:auto\" srcset=\"https:\/\/ucos.fr\/wp-content\/uploads\/2024\/04\/web-19-edited.jpg 1333w, https:\/\/ucos.fr\/wp-content\/uploads\/2024\/04\/web-19-edited-300x300.jpg 300w, https:\/\/ucos.fr\/wp-content\/uploads\/2024\/04\/web-19-edited-1024x1024.jpg 1024w, https:\/\/ucos.fr\/wp-content\/uploads\/2024\/04\/web-19-edited-150x150.jpg 150w, https:\/\/ucos.fr\/wp-content\/uploads\/2024\/04\/web-19-edited-768x768.jpg 768w\" sizes=\"auto, (max-width: 1333px) 100vw, 1333px\" \/><\/figure>\n<\/div>\n<\/div>\n<\/div>\n<\/div>\n<\/div>\n<\/div>\n","protected":false},"excerpt":{"rendered":"<p>Dr. Jean-Philippe Vincent Chirurgien orthop\u00e9diste sp\u00e9cialis\u00e9 dans la chirurgie du membre inf\u00e9rieur, en particulier de la hanche et du genou. Pour ce qui concerne les chirurgies du genou, il propose lors des chirurgies de reconstruction du ligament crois\u00e9 ant\u00e9rieur, une reconstruction mixte, ligament crois\u00e9 ant\u00e9rieur et ligament ant\u00e9ro-lat\u00e9ral. Ligamentoplastiedu genou Reconstruire les ligaments qui assurent [&hellip;]<\/p>\n","protected":false},"author":1,"featured_media":0,"parent":131,"menu_order":0,"comment_status":"closed","ping_status":"closed","template":"template-plain","meta":{"footnotes":""},"class_list":["post-186","page","type-page","status-publish","hentry"],"_links":{"self":[{"href":"https:\/\/ucos.fr\/index.php\/wp-json\/wp\/v2\/pages\/186","targetHints":{"allow":["GET"]}}],"collection":[{"href":"https:\/\/ucos.fr\/index.php\/wp-json\/wp\/v2\/pages"}],"about":[{"href":"https:\/\/ucos.fr\/index.php\/wp-json\/wp\/v2\/types\/page"}],"author":[{"embeddable":true,"href":"https:\/\/ucos.fr\/index.php\/wp-json\/wp\/v2\/users\/1"}],"replies":[{"embeddable":true,"href":"https:\/\/ucos.fr\/index.php\/wp-json\/wp\/v2\/comments?post=186"}],"version-history":[{"count":9,"href":"https:\/\/ucos.fr\/index.php\/wp-json\/wp\/v2\/pages\/186\/revisions"}],"predecessor-version":[{"id":510,"href":"https:\/\/ucos.fr\/index.php\/wp-json\/wp\/v2\/pages\/186\/revisions\/510"}],"up":[{"embeddable":true,"href":"https:\/\/ucos.fr\/index.php\/wp-json\/wp\/v2\/pages\/131"}],"wp:attachment":[{"href":"https:\/\/ucos.fr\/index.php\/wp-json\/wp\/v2\/media?parent=186"}],"curies":[{"name":"wp","href":"https:\/\/api.w.org\/{rel}","templated":true}]}}