{"id":332,"date":"2024-04-06T00:32:05","date_gmt":"2024-04-05T22:32:05","guid":{"rendered":"https:\/\/ucos.fr\/?page_id=332"},"modified":"2024-12-09T13:36:00","modified_gmt":"2024-12-09T12:36:00","slug":"protheses-de-hanche","status":"publish","type":"page","link":"https:\/\/ucos.fr\/index.php\/chirurgies\/protheses-de-hanche\/","title":{"rendered":"Proth\u00e8ses de hanche"},"content":{"rendered":"\n<div class=\"wp-block-cover alignfull has-x-large-font-size wp-duotone-unset-1\" style=\"min-height:416px;aspect-ratio:unset;\"><span aria-hidden=\"true\" class=\"wp-block-cover__background has-custom-bleu-fonc-background-color has-background-dim-60 has-background-dim\"><\/span><img loading=\"lazy\" decoding=\"async\" width=\"2560\" height=\"1707\" class=\"wp-block-cover__image-background wp-image-45\" alt=\"\" src=\"https:\/\/ucos.fr\/wp-content\/uploads\/2024\/01\/jonathan-borba-YfYShXzH0Mw-unsplash-scaled.jpg\" data-object-fit=\"cover\" srcset=\"https:\/\/ucos.fr\/wp-content\/uploads\/2024\/01\/jonathan-borba-YfYShXzH0Mw-unsplash-scaled.jpg 2560w, https:\/\/ucos.fr\/wp-content\/uploads\/2024\/01\/jonathan-borba-YfYShXzH0Mw-unsplash-300x200.jpg 300w, https:\/\/ucos.fr\/wp-content\/uploads\/2024\/01\/jonathan-borba-YfYShXzH0Mw-unsplash-1024x683.jpg 1024w, https:\/\/ucos.fr\/wp-content\/uploads\/2024\/01\/jonathan-borba-YfYShXzH0Mw-unsplash-768x512.jpg 768w, https:\/\/ucos.fr\/wp-content\/uploads\/2024\/01\/jonathan-borba-YfYShXzH0Mw-unsplash-1536x1024.jpg 1536w, https:\/\/ucos.fr\/wp-content\/uploads\/2024\/01\/jonathan-borba-YfYShXzH0Mw-unsplash-2048x1365.jpg 2048w\" sizes=\"auto, (max-width: 2560px) 100vw, 2560px\" \/><div class=\"wp-block-cover__inner-container is-layout-flow wp-block-cover-is-layout-flow\">\n<p class=\"has-text-align-left has-x-large-font-size\">Coxarthrose et Proth\u00e8ses de Hanche<\/p>\n\n\n\n<h5 class=\"wp-block-heading has-raft-bg-color has-text-color has-link-color wp-elements-3601865ebde719d2aa033db2e944ee2f\" style=\"padding-top:0;padding-right:var(--wp--preset--spacing--80);padding-bottom:0;padding-left:0;font-style:normal;font-weight:300\">Dans le cas de blessures sportives, d&rsquo;arthrose s\u00e9v\u00e8re ou d&rsquo;instabilit\u00e9 chronique, il est recommand\u00e9 de consulter un chirurgien. <\/h5>\n<\/div><\/div>\n\n\n\n<div class=\"wp-block-group alignfull has-raft-bg-background-color has-background is-content-justification-center is-nowrap is-layout-flex wp-container-core-group-is-layout-b09fc770 wp-block-group-is-layout-flex\" style=\"margin-top:0;margin-bottom:0;padding-top:var(--wp--preset--spacing--40);padding-right:0;padding-bottom:var(--wp--preset--spacing--40);padding-left:0\">\n<h2 class=\"wp-block-heading has-text-align-center is-style-default\" style=\"font-style:normal;font-weight:300\">Expertises et techniques op\u00e9ratoires<\/h2>\n<\/div>\n\n\n\n<div class=\"wp-block-group alignfull has-raft-bg-background-color has-background is-content-justification-center is-nowrap is-layout-flex wp-container-core-group-is-layout-8ceca9bb wp-block-group-is-layout-flex\" id=\"ligamentoplastie_du_genou\" style=\"border-top-color:var(--wp--preset--color--custom-bleu-fonc);border-top-style:dashed;border-top-width:1px;border-right-style:none;border-right-width:0px;border-bottom-style:none;border-bottom-width:0px;border-left-style:none;border-left-width:0px;margin-top:0;margin-bottom:0;padding-top:0;padding-right:0;padding-bottom:0;padding-left:0\">\n<h2 class=\"wp-block-heading has-text-align-center is-style-default has-raft-bg-background-color has-background\" style=\"font-style:normal;font-weight:400\">Qu&rsquo;est-ce que la coxarthrose ?<\/h2>\n<\/div>\n\n\n\n<div class=\"wp-block-group alignfull has-raft-bg-background-color has-background is-content-justification-center is-nowrap is-layout-flex wp-container-core-group-is-layout-8ceca9bb wp-block-group-is-layout-flex\" style=\"margin-top:0;margin-bottom:0;padding-top:0;padding-right:0;padding-bottom:0;padding-left:0\">\n<div class=\"wp-block-group alignfull is-layout-constrained wp-container-core-group-is-layout-b0353aa5 wp-block-group-is-layout-constrained\" style=\"margin-top:0px;margin-bottom:0px;padding-top:var(--wp--preset--spacing--20);padding-right:var(--wp--preset--spacing--20);padding-bottom:var(--wp--preset--spacing--20);padding-left:var(--wp--preset--spacing--20)\">\n<div class=\"wp-block-group alignwide is-layout-flow wp-container-core-group-is-layout-cd434741 wp-block-group-is-layout-flow\">\n<div class=\"wp-block-columns are-vertically-aligned-center has-raft-bg-background-color has-background is-layout-flex wp-container-core-columns-is-layout-e05d3243 wp-block-columns-is-layout-flex\" style=\"padding-top:0px;padding-right:0px;padding-bottom:0px;padding-left:0px\">\n<div class=\"wp-block-column is-vertically-aligned-center is-layout-flow wp-container-core-column-is-layout-71c1d140 wp-block-column-is-layout-flow\" style=\"padding-top:var(--wp--preset--spacing--50);padding-right:var(--wp--preset--spacing--50);padding-bottom:var(--wp--preset--spacing--50);padding-left:var(--wp--preset--spacing--50)\">\n<p style=\"font-style:normal;font-weight:200\">La coxarthrose, ou arthrose de la hanche, est une d\u00e9g\u00e9n\u00e9rescence progressive du cartilage de l&rsquo;articulation de la hanche. Cette pathologie entra\u00eene des douleurs, une raideur et une diminution de la mobilit\u00e9, affectant ainsi votre qualit\u00e9 de vie.<\/p>\n\n\n\n<p style=\"font-style:normal;font-weight:300\"><strong>Causes<\/strong><br>\u2022 Vieillissement<br>\u2022 Traumatismes ant\u00e9rieurs (fractures, chutes)<br>\u2022 Ob\u00e9sit\u00e9<br>\u2022 Pr\u00e9disposition g\u00e9n\u00e9tique<br>\u2022 Malformations cong\u00e9nitales<br><br><strong>Sympt\u00f4mes<\/strong><br>\u2022 Douleur \u00e0 l\u2019aine, \u00e0 la cuisse ou au genou<br>\u2022 Raideur, surtout apr\u00e8s une p\u00e9riode d\u2019inactivit\u00e9<br>\u2022 Difficult\u00e9 \u00e0 r\u00e9aliser des mouvements quotidiens (s&rsquo;accroupir, monter des escaliers)<br>\u2022 Sensation de craquement lors des mouvements<\/p>\n<\/div>\n<\/div>\n\n\n\n<div class=\"wp-block-columns are-vertically-aligned-center has-raft-bg-background-color has-background is-layout-flex wp-container-core-columns-is-layout-e05d3243 wp-block-columns-is-layout-flex\" style=\"padding-top:0px;padding-right:0px;padding-bottom:0px;padding-left:0px\">\n<div class=\"wp-block-column is-vertically-aligned-center is-layout-flow wp-container-core-column-is-layout-6cbef42a wp-block-column-is-layout-flow\" style=\"padding-top:var(--wp--preset--spacing--30);padding-right:var(--wp--preset--spacing--50);padding-bottom:var(--wp--preset--spacing--30);padding-left:var(--wp--preset--spacing--50)\">\n<h4 class=\"wp-block-heading has-raft-bg-background-color has-background has-medium-font-size\" style=\"font-style:normal;font-weight:400\">Traitement Chirurgical : Proth\u00e8se Totale de Hanche<\/h4>\n\n\n\n<p style=\"font-style:normal;font-weight:300\"><strong>Quand envisager une proth\u00e8se totale de hanche ? <\/strong><br><br>Le traitement chirurgical est recommand\u00e9 lorsque :<br><br>\u2022 La douleur devient chronique et insupportable malgr\u00e9 les traitements conservateurs (m\u00e9dicaments, physioth\u00e9rapie).<br>\u2022 La fonction de la hanche est consid\u00e9rablement limit\u00e9e.<br>\u2022 La qualit\u00e9 de vie est affect\u00e9e.<\/p>\n<\/div>\n\n\n\n<div class=\"wp-block-column is-vertically-aligned-center is-layout-flow wp-block-column-is-layout-flow\" style=\"flex-basis:40%\">\n<figure class=\"wp-block-image size-full is-style-default\"><img loading=\"lazy\" decoding=\"async\" width=\"650\" height=\"593\" src=\"https:\/\/ucos.fr\/wp-content\/uploads\/2024\/11\/0c262e_1cee2a594f3d482b92cacae9130f09a2mv2.jpg\" alt=\"\" class=\"wp-image-419\" srcset=\"https:\/\/ucos.fr\/wp-content\/uploads\/2024\/11\/0c262e_1cee2a594f3d482b92cacae9130f09a2mv2.jpg 650w, https:\/\/ucos.fr\/wp-content\/uploads\/2024\/11\/0c262e_1cee2a594f3d482b92cacae9130f09a2mv2-300x274.jpg 300w\" sizes=\"auto, (max-width: 650px) 100vw, 650px\" \/><\/figure>\n<\/div>\n<\/div>\n<\/div>\n<\/div>\n<\/div>\n\n\n\n<div class=\"wp-block-group alignfull has-raft-bg-background-color has-background is-content-justification-center is-nowrap is-layout-flex wp-container-core-group-is-layout-b09fc770 wp-block-group-is-layout-flex\" style=\"margin-top:0;margin-bottom:0;padding-top:var(--wp--preset--spacing--40);padding-right:0;padding-bottom:var(--wp--preset--spacing--40);padding-left:0\">\n<div class=\"wp-block-group alignfull is-layout-constrained wp-container-core-group-is-layout-b0353aa5 wp-block-group-is-layout-constrained\" style=\"margin-top:0px;margin-bottom:0px;padding-top:var(--wp--preset--spacing--20);padding-right:var(--wp--preset--spacing--20);padding-bottom:var(--wp--preset--spacing--20);padding-left:var(--wp--preset--spacing--20)\">\n<div class=\"wp-block-group alignwide is-layout-flow wp-container-core-group-is-layout-cd434741 wp-block-group-is-layout-flow\">\n<div class=\"wp-block-columns are-vertically-aligned-center has-raft-bg-background-color has-background is-layout-flex wp-container-core-columns-is-layout-e05d3243 wp-block-columns-is-layout-flex\" style=\"padding-top:0px;padding-right:0px;padding-bottom:0px;padding-left:0px\">\n<div class=\"wp-block-column is-vertically-aligned-center is-layout-flow wp-block-column-is-layout-flow\" style=\"flex-basis:40%\">\n<figure class=\"wp-block-image size-full is-style-default\"><img loading=\"lazy\" decoding=\"async\" width=\"750\" height=\"909\" src=\"https:\/\/ucos.fr\/wp-content\/uploads\/2024\/11\/prothese_hanche.png\" alt=\"\" class=\"wp-image-420\" srcset=\"https:\/\/ucos.fr\/wp-content\/uploads\/2024\/11\/prothese_hanche.png 750w, https:\/\/ucos.fr\/wp-content\/uploads\/2024\/11\/prothese_hanche-248x300.png 248w\" sizes=\"auto, (max-width: 750px) 100vw, 750px\" \/><\/figure>\n<\/div>\n\n\n\n<div class=\"wp-block-column is-vertically-aligned-center is-layout-flow wp-container-core-column-is-layout-71c1d140 wp-block-column-is-layout-flow\" style=\"padding-top:var(--wp--preset--spacing--50);padding-right:var(--wp--preset--spacing--50);padding-bottom:var(--wp--preset--spacing--50);padding-left:var(--wp--preset--spacing--50)\">\n<h4 class=\"wp-block-heading has-raft-bg-background-color has-background\" style=\"font-style:normal;font-weight:400\">Comment se d\u00e9roule l&rsquo;intervention ?<\/h4>\n\n\n\n<p style=\"font-style:normal;font-weight:300\"><strong>Pr\u00e9paration<\/strong><br>Consultation pr\u00e9op\u00e9ratoire pour \u00e9valuer votre sant\u00e9 g\u00e9n\u00e9rale.<\/p>\n\n\n\n<p style=\"font-style:normal;font-weight:300\"><strong>Anesth\u00e9sie<\/strong><br>L&rsquo;op\u00e9ration peut \u00eatre r\u00e9alis\u00e9e sous anesth\u00e9sie g\u00e9n\u00e9rale ou locor\u00e9gionale.<\/p>\n\n\n\n<p style=\"font-style:normal;font-weight:300\"><strong>Chirurgie<\/strong><br>1. Pr\u00e9paration<br>Consultation pr\u00e9op\u00e9ratoire pour \u00e9valuer votre sant\u00e9 g\u00e9n\u00e9rale.<br>2. Anesth\u00e9sie<br>L&rsquo;op\u00e9ration peut \u00eatre r\u00e9alis\u00e9e sous anesth\u00e9sie g\u00e9n\u00e9rale ou locor\u00e9gionale.<br>3. Chirurgie<br>\u2022 Acc\u00e8s \u00e0 l&rsquo;articulation par une incision (ant\u00e9rieure ou post\u00e9rieure).<br>\u2022 Retrait des surfaces articulaires endommag\u00e9es.<br>\u2022 Implantation d\u2019une proth\u00e8se (compos\u00e9e de m\u00e9tal, c\u00e9ramique ou poly\u00e9thyl\u00e8ne) avec une partie f\u00e9morale, une t\u00eate f\u00e9morale proth\u00e9tique et une cupule au niveau du bassin reproduisant l\u2019anatomie de la hanche.<br>4. Fermeture<br>L&rsquo;incision est soigneusement referm\u00e9e.<\/p>\n<\/div>\n<\/div>\n<\/div>\n<\/div>\n<\/div>\n\n\n\n<div class=\"wp-block-group alignfull has-raft-bg-background-color has-background is-content-justification-center is-nowrap is-layout-flex wp-container-core-group-is-layout-23441af8 wp-block-group-is-layout-flex\">\n<div class=\"wp-block-group alignfull wp-container-content-9cfa9a5a is-layout-constrained wp-container-core-group-is-layout-2687c567 wp-block-group-is-layout-constrained\" style=\"margin-top:0px;margin-bottom:0px;padding-top:var(--wp--preset--spacing--20);padding-right:0;padding-bottom:var(--wp--preset--spacing--20);padding-left:0\">\n<p style=\"margin-right:var(--wp--preset--spacing--80);margin-left:var(--wp--preset--spacing--80);font-style:normal;font-weight:300\"><strong>Complications Potentielles<\/strong><br>Bien que la chirurgie de proth\u00e8se de hanche soit g\u00e9n\u00e9ralement s\u00fbre, certaines complications peuvent survenir :<br>\u2022 Infection : Risque d&rsquo;infection au site op\u00e9ratoire.<br>\u2022 Thrombose veineuse : Formation de caillots sanguins dans les jambes apr\u00e8s l&rsquo;op\u00e9ration.<br>\u2022 Probl\u00e8mes li\u00e9s \u00e0 la proth\u00e8se : Luxation (d\u00e9boitement) de la proth\u00e8se, l\u2019usure ou d\u00e9faillance pr\u00e9coce m\u00e9canique.<br>\u2022 Raideur ou douleur persistante : Certains patients peuvent continuer \u00e0 \u00e9prouver des douleurs.<br><br><strong>R\u00e9sultats Attendus<\/strong><br>Apr\u00e8s une proth\u00e8se totale de hanche, vous pouvez vous attendre \u00e0 :<br>\u2022 Soulagement significatif de la douleur : La majorit\u00e9 des patients ressentent une r\u00e9duction de la douleur.<br>\u2022 Am\u00e9lioration de la mobilit\u00e9 : Capacit\u00e9 \u00e0 retrouver des activit\u00e9s quotidiennes et sportives.<br>\u2022 Meilleure qualit\u00e9 de vie : R\u00e9tablissement de l&rsquo;autonomie et r\u00e9duction des limitations fonctionnelles.<br><br><strong>Conclusion<\/strong><br>La coxarthrose peut avoir un impact majeur sur votre vie quotidienne, mais la proth\u00e8se totale de hanche est une option efficace pour soulager la douleur et am\u00e9liorer la fonction. Discutez avec votre m\u00e9decin des avantages et des risques associ\u00e9s \u00e0 cette intervention pour prendre une d\u00e9cision \u00e9clair\u00e9e.<\/p>\n<\/div>\n<\/div>\n","protected":false},"excerpt":{"rendered":"<p>Expertises et techniques op\u00e9ratoires Qu&rsquo;est-ce que la coxarthrose ? La coxarthrose, ou arthrose de la hanche, est une d\u00e9g\u00e9n\u00e9rescence progressive du cartilage de l&rsquo;articulation de la hanche. Cette pathologie entra\u00eene des douleurs, une raideur et une diminution de la mobilit\u00e9, affectant ainsi votre qualit\u00e9 de vie. Causes\u2022 Vieillissement\u2022 Traumatismes ant\u00e9rieurs (fractures, chutes)\u2022 Ob\u00e9sit\u00e9\u2022 Pr\u00e9disposition g\u00e9n\u00e9tique\u2022 [&hellip;]<\/p>\n","protected":false},"author":1,"featured_media":0,"parent":135,"menu_order":0,"comment_status":"closed","ping_status":"closed","template":"","meta":{"footnotes":""},"class_list":["post-332","page","type-page","status-publish","hentry"],"_links":{"self":[{"href":"https:\/\/ucos.fr\/index.php\/wp-json\/wp\/v2\/pages\/332","targetHints":{"allow":["GET"]}}],"collection":[{"href":"https:\/\/ucos.fr\/index.php\/wp-json\/wp\/v2\/pages"}],"about":[{"href":"https:\/\/ucos.fr\/index.php\/wp-json\/wp\/v2\/types\/page"}],"author":[{"embeddable":true,"href":"https:\/\/ucos.fr\/index.php\/wp-json\/wp\/v2\/users\/1"}],"replies":[{"embeddable":true,"href":"https:\/\/ucos.fr\/index.php\/wp-json\/wp\/v2\/comments?post=332"}],"version-history":[{"count":7,"href":"https:\/\/ucos.fr\/index.php\/wp-json\/wp\/v2\/pages\/332\/revisions"}],"predecessor-version":[{"id":499,"href":"https:\/\/ucos.fr\/index.php\/wp-json\/wp\/v2\/pages\/332\/revisions\/499"}],"up":[{"embeddable":true,"href":"https:\/\/ucos.fr\/index.php\/wp-json\/wp\/v2\/pages\/135"}],"wp:attachment":[{"href":"https:\/\/ucos.fr\/index.php\/wp-json\/wp\/v2\/media?parent=332"}],"curies":[{"name":"wp","href":"https:\/\/api.w.org\/{rel}","templated":true}]}}