{"id":349,"date":"2024-04-06T00:45:41","date_gmt":"2024-04-05T22:45:41","guid":{"rendered":"https:\/\/ucos.fr\/?page_id=349"},"modified":"2024-12-12T07:46:20","modified_gmt":"2024-12-12T06:46:20","slug":"mike-persigant","status":"publish","type":"page","link":"https:\/\/ucos.fr\/index.php\/equipe\/mike-persigant\/","title":{"rendered":"Mike Persigant"},"content":{"rendered":"\n<div class=\"wp-block-group alignfull is-layout-constrained wp-container-core-group-is-layout-423f374f wp-block-group-is-layout-constrained\" style=\"margin-top:0px;margin-bottom:0px;padding-top:var(--wp--preset--spacing--30);padding-right:var(--wp--preset--spacing--40);padding-bottom:var(--wp--preset--spacing--30);padding-left:var(--wp--preset--spacing--40)\">\n<div class=\"wp-block-group alignwide is-layout-flow wp-container-core-group-is-layout-cd434741 wp-block-group-is-layout-flow\">\n<div class=\"wp-block-columns are-vertically-aligned-center has-raft-bg-background-color has-background is-layout-flex wp-container-core-columns-is-layout-e05d3243 wp-block-columns-is-layout-flex\" style=\"padding-top:0px;padding-right:0px;padding-bottom:0px;padding-left:0px\">\n<div class=\"wp-block-column is-vertically-aligned-center is-layout-flow wp-block-column-is-layout-flow\" style=\"flex-basis:40%\">\n<figure class=\"wp-block-image size-full\"><img loading=\"lazy\" decoding=\"async\" width=\"1333\" height=\"2000\" src=\"https:\/\/ucos.fr\/wp-content\/uploads\/2024\/01\/portrait-3-1.jpg\" alt=\"\" class=\"wp-image-362\" srcset=\"https:\/\/ucos.fr\/wp-content\/uploads\/2024\/01\/portrait-3-1.jpg 1333w, https:\/\/ucos.fr\/wp-content\/uploads\/2024\/01\/portrait-3-1-200x300.jpg 200w, https:\/\/ucos.fr\/wp-content\/uploads\/2024\/01\/portrait-3-1-682x1024.jpg 682w, https:\/\/ucos.fr\/wp-content\/uploads\/2024\/01\/portrait-3-1-768x1152.jpg 768w, https:\/\/ucos.fr\/wp-content\/uploads\/2024\/01\/portrait-3-1-1024x1536.jpg 1024w\" sizes=\"auto, (max-width: 1333px) 100vw, 1333px\" \/><\/figure>\n<\/div>\n\n\n\n<div class=\"wp-block-column is-vertically-aligned-center is-layout-flow wp-container-core-column-is-layout-71c1d140 wp-block-column-is-layout-flow\" style=\"padding-top:var(--wp--preset--spacing--50);padding-right:var(--wp--preset--spacing--50);padding-bottom:var(--wp--preset--spacing--50);padding-left:var(--wp--preset--spacing--50)\">\n<h3 class=\"wp-block-heading\">Dr. Mike Persigant <\/h3>\n\n\n\n<p style=\"font-style:normal;font-weight:100\">Chirurgien orthop\u00e9diste sp\u00e9cialis\u00e9 dans la chirurgie du membre inf\u00e9rieur, en particulier de la&nbsp;<a href=\"https:\/\/www.genou.bzh\/proth%C3%A8se-de-hanche\" target=\"_blank\" rel=\"noreferrer noopener\">hanche<\/a>, du&nbsp;<a href=\"https:\/\/www.genou.bzh\/ligamentoplastie-du-genou\" target=\"_blank\" rel=\"noreferrer noopener\">genou<\/a>&nbsp;et de l&rsquo;avant pied.&nbsp;<br><br>En ce qui concerne les chirurgies du genou, il propose des chirurgies de reconstruction du ligament crois\u00e9 ant\u00e9rieur et du ligament ant\u00e9ro-lat\u00e9ral et\/ou des m\u00e9nisques. En cas d&rsquo;arthrose, il pourra vous proposer une proth\u00e8se de genou \u00e9ventuellement sur mesure.&nbsp;<\/p>\n\n\n\n<p class=\"has-normal-font-size\" style=\"font-style:normal;font-weight:100\">Pour la chirurgie de la hanche, il pratique les techniques mini invasives (voie ant\u00e9rieure) ainsi que l&rsquo;utilisation de proth\u00e8ses sur mesures selon votre cas.<\/p>\n\n\n\n<p class=\"has-normal-font-size\" style=\"font-style:normal;font-weight:100\">Pour l&rsquo;avant pied il pourra vous prendre en charge en cas d&rsquo;ongle incarn\u00e9, d&rsquo;hallux valgus ou d&rsquo;hallux rigidus.<\/p>\n\n\n\n<div class=\"wp-block-buttons is-layout-flex wp-block-buttons-is-layout-flex\">\n<div class=\"wp-block-button is-style-outline is-style-outline--1\" style=\"font-style:normal;font-weight:100\"><a class=\"wp-block-button__link has-custom-gold-button-color has-text-color has-link-color wp-element-button\" href=\"https:\/\/www.doctolib.fr\/chirurgien-orthopediste\/vannes\/mike-persigant-vannes\" target=\"_blank\" rel=\"noreferrer noopener\">Prendre rendez-vous sur Doctolib<\/a><\/div>\n<\/div>\n<\/div>\n<\/div>\n<\/div>\n\n\n\n<div class=\"wp-block-group alignfull has-raft-fg-alt-color has-raft-bg-background-color has-text-color has-background has-link-color wp-elements-79de5299fc87a700cee637922737194a is-layout-constrained wp-container-core-group-is-layout-cd75916e wp-block-group-is-layout-constrained\" style=\"margin-top:0;margin-bottom:0;padding-top:var(--wp--preset--spacing--40);padding-right:var(--wp--preset--spacing--30);padding-bottom:var(--wp--preset--spacing--40);padding-left:var(--wp--preset--spacing--30)\">\n<div class=\"wp-block-columns alignwide is-layout-flex wp-container-core-columns-is-layout-ea69a204 wp-block-columns-is-layout-flex\">\n<div class=\"wp-block-column is-layout-flow wp-container-core-column-is-layout-01cae399 wp-block-column-is-layout-flow\" style=\"border-style:none;border-width:0px;padding-left:var(--wp--preset--spacing--20)\">\n<h4 class=\"wp-block-heading has-text-align-center has-custom-bleu-fonc-color has-text-color has-link-color has-medium-font-size wp-elements-9aef5defd241c86766afbb13bc962629\"><a href=\"https:\/\/ucos.fr\/index.php\/chirurgies\/chirurgies-du-genou\/\" data-type=\"page\" data-id=\"310\">Chirurgies<br>du genou<\/a><\/h4>\n\n\n\n<p class=\"has-text-align-left has-raft-bg-inv-color has-text-color has-link-color wp-elements-e6041e008eb3a2c6ab8e3f7312ef7548\" style=\"font-style:normal;font-weight:100\">&#8211; Reconstruction du ligament crois\u00e9 ant\u00e9rieur<br>&#8211; Renfort\/plastie antero-lat\u00e9ral<br>&#8211; R\u00e9paration m\u00e9niscale<\/p>\n<\/div>\n\n\n\n<div class=\"wp-block-column is-layout-flow wp-container-core-column-is-layout-01cae399 wp-block-column-is-layout-flow\" style=\"border-top-style:none;border-top-width:0px;border-right-style:none;border-right-width:0px;border-bottom-style:none;border-bottom-width:0px;border-left-color:var(--wp--preset--color--custom-bleu-fonc);border-left-style:dotted;border-left-width:2px;padding-left:var(--wp--preset--spacing--20)\">\n<h4 class=\"wp-block-heading has-text-align-center has-custom-bleu-fonc-color has-text-color has-link-color has-medium-font-size wp-elements-dbd0bf02d7447e27a0f13f34fbd43ffe\"><a href=\"https:\/\/ucos.fr\/index.php\/chirurgies\/chirurgies-du-genou\/#prothese_de_genou\" data-type=\"link\" data-id=\"https:\/\/ucos.fr\/index.php\/chirurgies\/chirurgies-du-genou\/#prothese_de_genou\">Proth\u00e8se<br>de genou<\/a><\/h4>\n\n\n\n<p class=\"has-text-align-left has-raft-bg-inv-color has-text-color has-link-color wp-elements-ccec9e88743a479c274f69d338ef96f9\" style=\"font-style:normal;font-weight:100\">&#8211; Proth\u00e8se totale de genou<br>&#8211; Proth\u00e8se unicompartimentale de genou<\/p>\n<\/div>\n\n\n\n<div class=\"wp-block-column is-layout-flow wp-container-core-column-is-layout-01cae399 wp-block-column-is-layout-flow\" style=\"border-top-style:none;border-top-width:0px;border-right-style:none;border-right-width:0px;border-bottom-style:none;border-bottom-width:0px;border-left-color:var(--wp--preset--color--custom-bleu-fonc);border-left-style:dotted;border-left-width:2px;padding-left:var(--wp--preset--spacing--20)\">\n<h4 class=\"wp-block-heading has-text-align-center has-custom-bleu-fonc-color has-text-color has-link-color has-medium-font-size wp-elements-114b8dd3904c85928e6e4c73fd38636b\"><a href=\"https:\/\/ucos.fr\/wp-content\/uploads\/2024\/11\/prothese_hanche.png\" data-type=\"attachment\" data-id=\"420\">Proth\u00e8se<br>de hanche<\/a><\/h4>\n\n\n\n<p class=\"has-text-align-left has-raft-bg-inv-color has-text-color has-link-color wp-elements-206c0a8b5b880820543f449a8b3c0b0d\" style=\"font-style:normal;font-weight:100\">&#8211; Proth\u00e8se totale de hanche mini invasive <br>&#8211; Proth\u00e8se de hanche sur-mesure <\/p>\n<\/div>\n\n\n\n<div class=\"wp-block-column is-layout-flow wp-container-core-column-is-layout-01cae399 wp-block-column-is-layout-flow\" style=\"border-top-style:none;border-top-width:0px;border-right-style:none;border-right-width:0px;border-bottom-style:none;border-bottom-width:0px;border-left-color:var(--wp--preset--color--custom-bleu-fonc);border-left-style:dotted;border-left-width:2px;padding-left:var(--wp--preset--spacing--20)\">\n<h4 class=\"wp-block-heading has-text-align-center has-custom-bleu-fonc-color has-text-color has-link-color has-medium-font-size wp-elements-f554f0becafeb883d7700ffff7edb8dc\"><a href=\"https:\/\/ucos.fr\/index.php\/chirurgies\/chirurgies-du-pied\/\" data-type=\"page\" data-id=\"330\">Chirurgies du pied<\/a><\/h4>\n\n\n\n<p class=\"has-text-align-left has-raft-bg-inv-color has-text-color has-link-color wp-elements-9e4ae5e0b72fb5848e20647fb5a112cd\" style=\"font-style:normal;font-weight:100\">&#8211; Cure d&rsquo;ongle incarn\u00e9<br>&#8211; Correction d&rsquo;hallux valgus<br>&#8211; Hallux rigidus&nbsp;<\/p>\n<\/div>\n<\/div>\n\n\n\n<div class=\"wp-block-group alignfull has-white-background-color has-background is-layout-constrained wp-container-core-group-is-layout-af9d7c36 wp-block-group-is-layout-constrained\" style=\"margin-top:var(--wp--preset--spacing--70);margin-bottom:var(--wp--preset--spacing--70);padding-top:0;padding-right:var(--wp--preset--spacing--30);padding-bottom:0;padding-left:var(--wp--preset--spacing--30)\">\n<div class=\"wp-block-group is-layout-flow wp-block-group-is-layout-flow\">\n<h3 class=\"wp-block-heading has-text-align-center has-large-font-size\">Principales publications<\/h3>\n<\/div>\n\n\n\n<div class=\"wp-block-group alignwide is-layout-flow wp-block-group-is-layout-flow\">\n<div class=\"wp-block-columns is-layout-flex wp-container-core-columns-is-layout-28f84493 wp-block-columns-is-layout-flex\">\n<div class=\"wp-block-column is-vertically-aligned-center is-layout-flow wp-container-core-column-is-layout-119bc444 wp-block-column-is-layout-flow\">\n<h3 class=\"wp-block-heading has-normal-font-size\">Orthop Traumatol Surg Res., 2018<\/h3>\n\n\n\n<p class=\"has-custom-bleu-fonc-color has-text-color has-link-color has-small-font-size wp-elements-4a6a57e9b80f20af59c05e1ceecd7a8a\" style=\"font-style:normal;font-weight:100\">Functional outcome after transplantar nailing of ankle fracture in the elderly : 1 year follow up<br>Persigant M, Colin F, Noailles T, Pietu G, Gouin F<br>&gt;&gt; <a href=\"https:\/\/pubmed.ncbi.nlm.nih.gov\/29654935\/\" data-type=\"link\" data-id=\"https:\/\/pubmed.ncbi.nlm.nih.gov\/29654935\/\" target=\"_blank\" rel=\"noreferrer noopener\">Consulter l&rsquo;article<\/a><\/p>\n\n\n\n<h3 class=\"wp-block-heading has-normal-font-size\">Orthop Traumatol Surg Res., 2017<\/h3>\n\n\n\n<p class=\"has-custom-bleu-fonc-color has-text-color has-link-color has-small-font-size wp-elements-ce1b8343db8515ac520a4b6fe0277f2b\" style=\"font-style:normal;font-weight:100\">Functional assessment and sports recovery after ankle anatomical arthroscopic lateral ligamentoplasty : Retrospective study single-surgeon of 16 patients with 6 mounth  follow up.<br>Ronny&nbsp;Lopes, Mike&nbsp;Persigant<br>&gt;&gt;<a href=\"https:\/\/www.em-consulte.com\/article\/1189494\/evaluation-fonctionnelle-et-reprise-sportive-apres\" data-type=\"link\" data-id=\"https:\/\/www.em-consulte.com\/article\/1189494\/evaluation-fonctionnelle-et-reprise-sportive-apres\" target=\"_blank\" rel=\"noreferrer noopener\"> Consulter l&rsquo;article<\/a><\/p>\n<\/div>\n\n\n\n<div class=\"wp-block-column is-layout-flow wp-block-column-is-layout-flow\">\n<figure class=\"wp-block-image size-full is-resized\"><img loading=\"lazy\" decoding=\"async\" width=\"1333\" height=\"1333\" src=\"https:\/\/ucos.fr\/wp-content\/uploads\/2024\/04\/web-23-edited.jpg\" alt=\"\" class=\"wp-image-351\" style=\"width:504px;height:auto\" srcset=\"https:\/\/ucos.fr\/wp-content\/uploads\/2024\/04\/web-23-edited.jpg 1333w, https:\/\/ucos.fr\/wp-content\/uploads\/2024\/04\/web-23-edited-300x300.jpg 300w, https:\/\/ucos.fr\/wp-content\/uploads\/2024\/04\/web-23-edited-1024x1024.jpg 1024w, https:\/\/ucos.fr\/wp-content\/uploads\/2024\/04\/web-23-edited-150x150.jpg 150w, https:\/\/ucos.fr\/wp-content\/uploads\/2024\/04\/web-23-edited-768x768.jpg 768w\" sizes=\"auto, (max-width: 1333px) 100vw, 1333px\" \/><\/figure>\n<\/div>\n<\/div>\n<\/div>\n<\/div>\n<\/div>\n<\/div>\n","protected":false},"excerpt":{"rendered":"<p>Dr. Mike Persigant Chirurgien orthop\u00e9diste sp\u00e9cialis\u00e9 dans la chirurgie du membre inf\u00e9rieur, en particulier de la&nbsp;hanche, du&nbsp;genou&nbsp;et de l&rsquo;avant pied.&nbsp; En ce qui concerne les chirurgies du genou, il propose des chirurgies de reconstruction du ligament crois\u00e9 ant\u00e9rieur et du ligament ant\u00e9ro-lat\u00e9ral et\/ou des m\u00e9nisques. En cas d&rsquo;arthrose, il pourra vous proposer une proth\u00e8se de [&hellip;]<\/p>\n","protected":false},"author":1,"featured_media":0,"parent":131,"menu_order":2,"comment_status":"closed","ping_status":"closed","template":"","meta":{"footnotes":""},"class_list":["post-349","page","type-page","status-publish","hentry"],"_links":{"self":[{"href":"https:\/\/ucos.fr\/index.php\/wp-json\/wp\/v2\/pages\/349","targetHints":{"allow":["GET"]}}],"collection":[{"href":"https:\/\/ucos.fr\/index.php\/wp-json\/wp\/v2\/pages"}],"about":[{"href":"https:\/\/ucos.fr\/index.php\/wp-json\/wp\/v2\/types\/page"}],"author":[{"embeddable":true,"href":"https:\/\/ucos.fr\/index.php\/wp-json\/wp\/v2\/users\/1"}],"replies":[{"embeddable":true,"href":"https:\/\/ucos.fr\/index.php\/wp-json\/wp\/v2\/comments?post=349"}],"version-history":[{"count":5,"href":"https:\/\/ucos.fr\/index.php\/wp-json\/wp\/v2\/pages\/349\/revisions"}],"predecessor-version":[{"id":514,"href":"https:\/\/ucos.fr\/index.php\/wp-json\/wp\/v2\/pages\/349\/revisions\/514"}],"up":[{"embeddable":true,"href":"https:\/\/ucos.fr\/index.php\/wp-json\/wp\/v2\/pages\/131"}],"wp:attachment":[{"href":"https:\/\/ucos.fr\/index.php\/wp-json\/wp\/v2\/media?parent=349"}],"curies":[{"name":"wp","href":"https:\/\/api.w.org\/{rel}","templated":true}]}}